{"id":9,"date":"2016-04-02T13:44:41","date_gmt":"2016-04-02T13:44:41","guid":{"rendered":"http:\/\/zauberer-bagatelli.de\/?page_id=9"},"modified":"2016-04-29T16:21:29","modified_gmt":"2016-04-29T16:21:29","slug":"kinder","status":"publish","type":"page","link":"http:\/\/zauberer-bagatelli.de\/?page_id=9","title":{"rendered":"Kinder"},"content":{"rendered":"<p><strong>Kinder, das besondere Publikum:<br \/>\n<\/strong>Lustig, interessiert, spontan und: &#8230;erbarmungslos ehrlich.\u00a0Kinder sind nicht zur\u00fcckhaltend, sie reagieren sehr spontan. Daher geht&#8217;s gleich hoch her, wenn die Requisiten zu Bagatellis Verdruss ein unbez\u00e4hmbares Eigenleben entwickeln, und die Zauberei erst gelingt, wenn die Kinder mitzaubern.<br \/>\n<strong>Ein Mitmach-Zauberprogramm, bei dem die Stimmung hohe Wellen schl\u00e4gt.<\/strong><\/p>\n<figure id=\"attachment_40\" aria-describedby=\"caption-attachment-40\" style=\"width: 700px\" class=\"wp-caption aligncenter\"><img loading=\"lazy\" decoding=\"async\" class=\"size-full wp-image-40\" src=\"http:\/\/zauberer-bagatelli.de\/wp-content\/uploads\/2016\/04\/kinder_01.jpg\" alt=\"Verdi Zelt (oben) \/ Kindergeburtstag (unten)\" width=\"700\" height=\"466\" srcset=\"http:\/\/zauberer-bagatelli.de\/wp-content\/uploads\/2016\/04\/kinder_01.jpg 700w, http:\/\/zauberer-bagatelli.de\/wp-content\/uploads\/2016\/04\/kinder_01-300x200.jpg 300w\" sizes=\"auto, (max-width: 700px) 85vw, 700px\" \/><figcaption id=\"caption-attachment-40\" class=\"wp-caption-text\">Verdi Zelt (oben) \/ Kindergeburtstag (unten)<\/figcaption><\/figure>\n<p><strong>Zauberer Bagatelli hat\u00a0<\/strong>nat\u00fcrlich auch ruhige Phasen im Programm, in denen die Kinder mit gro\u00dfen Augen und offenen M\u00fcndern zusehen.\u00a0Immer wieder d\u00fcrfen Kinder\u00a0auf der B\u00fchne aktiv\u00a0sein. Gemeinsam wird\u00a0dann gezaubert, dass sich die Zauberst\u00e4be biegen. Ein Riesenspass, auch f\u00fcr gro\u00dfe &#8222;Kinder&#8220;.\u00a0Hier vollbringen kleine Leute gro\u00dfe Wunder und verlassen voller Stolz die B\u00fchne.<\/p>\n<figure id=\"attachment_41\" aria-describedby=\"caption-attachment-41\" style=\"width: 700px\" class=\"wp-caption aligncenter\"><img loading=\"lazy\" decoding=\"async\" class=\"size-full wp-image-41\" src=\"http:\/\/zauberer-bagatelli.de\/wp-content\/uploads\/2016\/04\/kinder_02.jpg\" alt=\"Goldhochzeit (oben) \/ Sommerfest (unten)\" width=\"700\" height=\"467\" srcset=\"http:\/\/zauberer-bagatelli.de\/wp-content\/uploads\/2016\/04\/kinder_02.jpg 700w, http:\/\/zauberer-bagatelli.de\/wp-content\/uploads\/2016\/04\/kinder_02-300x200.jpg 300w\" sizes=\"auto, (max-width: 700px) 85vw, 700px\" \/><figcaption id=\"caption-attachment-41\" class=\"wp-caption-text\">Goldhochzeit (oben) \/ Sommerfest (unten)<\/figcaption><\/figure>\n","protected":false},"excerpt":{"rendered":"<p>Kinder, das besondere Publikum: Lustig, interessiert, spontan und: &#8230;erbarmungslos ehrlich.\u00a0Kinder sind nicht zur\u00fcckhaltend, sie reagieren sehr spontan. Daher geht&#8217;s gleich hoch her, wenn die Requisiten zu Bagatellis Verdruss ein unbez\u00e4hmbares Eigenleben entwickeln, und die Zauberei erst gelingt, wenn die Kinder mitzaubern. Ein Mitmach-Zauberprogramm, bei dem die Stimmung hohe Wellen schl\u00e4gt. Zauberer Bagatelli hat\u00a0nat\u00fcrlich auch ruhige &hellip; <a href=\"http:\/\/zauberer-bagatelli.de\/?page_id=9\" class=\"more-link\"><span class=\"screen-reader-text\">\u201eKinder\u201c <\/span>weiterlesen<\/a><\/p>\n","protected":false},"author":1,"featured_media":0,"parent":0,"menu_order":0,"comment_status":"closed","ping_status":"closed","template":"","meta":{"footnotes":""},"class_list":["post-9","page","type-page","status-publish","hentry"],"_links":{"self":[{"href":"http:\/\/zauberer-bagatelli.de\/index.php?rest_route=\/wp\/v2\/pages\/9","targetHints":{"allow":["GET"]}}],"collection":[{"href":"http:\/\/zauberer-bagatelli.de\/index.php?rest_route=\/wp\/v2\/pages"}],"about":[{"href":"http:\/\/zauberer-bagatelli.de\/index.php?rest_route=\/wp\/v2\/types\/page"}],"author":[{"embeddable":true,"href":"http:\/\/zauberer-bagatelli.de\/index.php?rest_route=\/wp\/v2\/users\/1"}],"replies":[{"embeddable":true,"href":"http:\/\/zauberer-bagatelli.de\/index.php?rest_route=%2Fwp%2Fv2%2Fcomments&post=9"}],"version-history":[{"count":10,"href":"http:\/\/zauberer-bagatelli.de\/index.php?rest_route=\/wp\/v2\/pages\/9\/revisions"}],"predecessor-version":[{"id":132,"href":"http:\/\/zauberer-bagatelli.de\/index.php?rest_route=\/wp\/v2\/pages\/9\/revisions\/132"}],"wp:attachment":[{"href":"http:\/\/zauberer-bagatelli.de\/index.php?rest_route=%2Fwp%2Fv2%2Fmedia&parent=9"}],"curies":[{"name":"wp","href":"https:\/\/api.w.org\/{rel}","templated":true}]}}