{"id":18,"date":"2016-04-02T13:44:45","date_gmt":"2016-04-02T13:44:45","guid":{"rendered":"http:\/\/zauberer-bagatelli.de\/?page_id=18"},"modified":"2016-04-29T16:59:09","modified_gmt":"2016-04-29T16:59:09","slug":"kontakt","status":"publish","type":"page","link":"http:\/\/zauberer-bagatelli.de\/?page_id=18","title":{"rendered":"Kontakt"},"content":{"rendered":"<p style=\"text-align: justify;\">Bagatelli ist mit seiner rollenden Verst\u00e4rkeranlage vom Stromnetz v\u00f6llig unabh\u00e4ngig. Er kann mit seinem drahtlosen Micro von einer B\u00fchne aus, bis etwa 100 Personen\u00a0beschallen.<\/p>\n<p>Keine Aufbauzeit: Bagatelli kommt, und los gehts!<br \/>\n&#8230; auf Hochzeiten und Scheidungen, auf Stra\u00dfen, Pl\u00e4tzen, Festivals, auf Kleinkunstb\u00fchnen, Gro\u00dfkunstb\u00fchnen, Freilichtb\u00fchnen, Hebeb\u00fchnen, &#8230; \u00fcberhaupt und \u00fcberall.<\/p>\n<p>Achtung nur noch f\u00fcr kurze Zeit:<\/p>\n<p>Jetzt 15% lustiger &#8230;&#8230;. und immer noch preiswert! <a href=\"http:\/\/zauberer-bagatelli.de\/?page_id=76\">Buchen Sie jetzt!<\/a><\/p>\n<p style=\"text-align: center;\"><strong>&#8222;Zauberei ist etwas Zerbrechliches, das Publikum m\u00f6chte nicht get\u00e4uscht, sondern bezaubert werden!&#8220;<\/strong><\/p>\n<p>Kontakt:<\/p>\n<p>Dieter Schroeder<br \/>\nHolzemer Str. 26<br \/>\n53343 Wachtberg<br \/>\nTel.: +49 228 325292<br \/>\nMail : info@zauberer-bagatelli.de<br \/>\nMobil: +49 163 2928316<\/p>\n<figure id=\"attachment_72\" aria-describedby=\"caption-attachment-72\" style=\"width: 700px\" class=\"wp-caption aligncenter\"><img loading=\"lazy\" decoding=\"async\" class=\"size-full wp-image-72\" src=\"http:\/\/zauberer-bagatelli.de\/wp-content\/uploads\/2016\/04\/kontakt_01.jpg\" alt=\"1.FC K\u00f6ln Gei\u00dfbockheim, Weihnachtsfeier 2012 Jugendabteilung\" width=\"700\" height=\"467\" srcset=\"http:\/\/zauberer-bagatelli.de\/wp-content\/uploads\/2016\/04\/kontakt_01.jpg 700w, http:\/\/zauberer-bagatelli.de\/wp-content\/uploads\/2016\/04\/kontakt_01-300x200.jpg 300w\" sizes=\"auto, (max-width: 700px) 85vw, 700px\" \/><figcaption id=\"caption-attachment-72\" class=\"wp-caption-text\">1.FC K\u00f6ln Gei\u00dfbockheim, Weihnachtsfeier 2012 Jugendabteilung<\/figcaption><\/figure>\n<p style=\"text-align: justify;\"><strong>Bagatelli-Entertainment wurde gebucht von\/f\u00fcr:<\/strong><br \/>\nAachener Golfclub, ADAC Mittelrhein, Allemannia Aachen, AWO, AOK, Aquatop, Baumann Schwertransporte, BEKU-Allstars, BuGa2011-Koblenz, Caritas, CMA, Coca Cola Bonn, ConLog, Danskdesign, Detecon, Energieversorgung Leverkusen, Fraport-AG, Flughafenfest Frankfurt, Fluggi-Land, GIZ, GKN Walterscheid, Gro\u00dfe K\u00f6lner, Hoppecke Batterien, H\u00fcrth-Park, IKK Koblenz, J\u00fcrgen von der Lippe, Karstadt, Kaufland, Kautex Werke, Kinopolis Bonn u. Koblenz, Knipex, 1.FC K\u00f6ln, K\u00f6lner Verkehrsbetriebe, Kosmos Apotheken, Kunsthalle der Bundesrepublik Deutschland, Landesbank Baden-W\u00fcrttemberg, Lemmerz Hayes Werke, Linde Stapler, Magnetfabrik Bonn, Maritim Darmstadt, Metro, Miele, Mittelrheinbahn, Museumsmeilenfest Bonn, Nika-Optics, Rheinhotel Vier Jahreszeiten, Schwarzkopf, Hoechst, Deka Fonds, Vereinte Versicherungen K\u00f6ln, Golfhotel Norderney, Rhein-Sieg-Kreis, Rotary Club K\u00f6ln, viele Schulen, Schlecker Rheinland, Stadt Bonn, Stadtwerke D\u00fcren, Stadt K\u00f6ln, Stadtfest Kerpen, Stadt Siegburg, TGE-Gas, Thalia, Toom, Verlag der deutschen Wirtschaft, Volksbank Koblenz Mittelrhein, Verdi, Vulkanpark, Winzerverein Ahrweiler, Welthungerhilfe, WIS-Sicherheit, Wohnbau-GmbH, u.v.m.<\/p>\n<p style=\"text-align: justify;\"><img loading=\"lazy\" decoding=\"async\" class=\"aligncenter size-full wp-image-73\" src=\"http:\/\/zauberer-bagatelli.de\/wp-content\/uploads\/2016\/04\/kontakt_02.jpg\" alt=\"kontakt_02\" width=\"700\" height=\"467\" srcset=\"http:\/\/zauberer-bagatelli.de\/wp-content\/uploads\/2016\/04\/kontakt_02.jpg 700w, http:\/\/zauberer-bagatelli.de\/wp-content\/uploads\/2016\/04\/kontakt_02-300x200.jpg 300w\" sizes=\"auto, (max-width: 700px) 85vw, 700px\" \/><\/p>\n<p>&nbsp;<\/p>\n","protected":false},"excerpt":{"rendered":"<p>Bagatelli ist mit seiner rollenden Verst\u00e4rkeranlage vom Stromnetz v\u00f6llig unabh\u00e4ngig. Er kann mit seinem drahtlosen Micro von einer B\u00fchne aus, bis etwa 100 Personen\u00a0beschallen. Keine Aufbauzeit: Bagatelli kommt, und los gehts! &#8230; auf Hochzeiten und Scheidungen, auf Stra\u00dfen, Pl\u00e4tzen, Festivals, auf Kleinkunstb\u00fchnen, Gro\u00dfkunstb\u00fchnen, Freilichtb\u00fchnen, Hebeb\u00fchnen, &#8230; \u00fcberhaupt und \u00fcberall. Achtung nur noch f\u00fcr kurze Zeit: &hellip; <a href=\"http:\/\/zauberer-bagatelli.de\/?page_id=18\" class=\"more-link\"><span class=\"screen-reader-text\">\u201eKontakt\u201c <\/span>weiterlesen<\/a><\/p>\n","protected":false},"author":1,"featured_media":0,"parent":0,"menu_order":0,"comment_status":"closed","ping_status":"closed","template":"","meta":{"footnotes":""},"class_list":["post-18","page","type-page","status-publish","hentry"],"_links":{"self":[{"href":"http:\/\/zauberer-bagatelli.de\/index.php?rest_route=\/wp\/v2\/pages\/18","targetHints":{"allow":["GET"]}}],"collection":[{"href":"http:\/\/zauberer-bagatelli.de\/index.php?rest_route=\/wp\/v2\/pages"}],"about":[{"href":"http:\/\/zauberer-bagatelli.de\/index.php?rest_route=\/wp\/v2\/types\/page"}],"author":[{"embeddable":true,"href":"http:\/\/zauberer-bagatelli.de\/index.php?rest_route=\/wp\/v2\/users\/1"}],"replies":[{"embeddable":true,"href":"http:\/\/zauberer-bagatelli.de\/index.php?rest_route=%2Fwp%2Fv2%2Fcomments&post=18"}],"version-history":[{"count":10,"href":"http:\/\/zauberer-bagatelli.de\/index.php?rest_route=\/wp\/v2\/pages\/18\/revisions"}],"predecessor-version":[{"id":144,"href":"http:\/\/zauberer-bagatelli.de\/index.php?rest_route=\/wp\/v2\/pages\/18\/revisions\/144"}],"wp:attachment":[{"href":"http:\/\/zauberer-bagatelli.de\/index.php?rest_route=%2Fwp%2Fv2%2Fmedia&parent=18"}],"curies":[{"name":"wp","href":"https:\/\/api.w.org\/{rel}","templated":true}]}}