{"id":14,"date":"2016-04-02T13:44:09","date_gmt":"2016-04-02T13:44:09","guid":{"rendered":"http:\/\/zauberer-bagatelli.de\/?page_id=14"},"modified":"2016-04-29T16:49:48","modified_gmt":"2016-04-29T16:49:48","slug":"historisch-wertvoll","status":"publish","type":"page","link":"http:\/\/zauberer-bagatelli.de\/?page_id=14","title":{"rendered":"Historisch wertvoll"},"content":{"rendered":"<p style=\"text-align: justify;\">Wer sich mit gutem Gef\u00fchl f\u00fcr einen\u00a0<strong>Zauberer<\/strong> entscheiden m\u00f6chte, ohne ihn gesehen zu haben, der sollte auf Fakten achten:<\/p>\n<ul>\n<li><b>Bagatelli<\/b>\u00a0zaubert seit ca. 30 Jahren \u00f6ffentlich.<\/li>\n<li><b>Bagatelli<\/b> ist Mitglied des Magischen Zirkels von Deutschland.<\/li>\n<li><b>Bagatelli<\/b> ist ein gesch\u00fctzter K\u00fcnstlername.<\/li>\n<li><b>Bagatelli<\/b> zeigt ungestellte Fotos!!<\/li>\n<\/ul>\n<p style=\"text-align: justify;\">Mit Stra\u00dfenzauberei begeisterte Bagatelli einige L\u00e4nder. So zauberte er z.B. in Florenz, Siena und Verona. In Paris, beim Theaterfestival in Avignon, oder in Barcelona auf der la Rambla.<\/p>\n<figure id=\"attachment_46\" aria-describedby=\"caption-attachment-46\" style=\"width: 700px\" class=\"wp-caption aligncenter\"><img loading=\"lazy\" decoding=\"async\" class=\"size-full wp-image-46\" src=\"http:\/\/zauberer-bagatelli.de\/wp-content\/uploads\/2016\/04\/historisch_wertvoll_01.jpg\" alt=\"Kulturforum Bonn (heute Pantheon)\" width=\"700\" height=\"513\" srcset=\"http:\/\/zauberer-bagatelli.de\/wp-content\/uploads\/2016\/04\/historisch_wertvoll_01.jpg 700w, http:\/\/zauberer-bagatelli.de\/wp-content\/uploads\/2016\/04\/historisch_wertvoll_01-300x220.jpg 300w\" sizes=\"auto, (max-width: 700px) 85vw, 700px\" \/><figcaption id=\"caption-attachment-46\" class=\"wp-caption-text\">1983 im Kulturforum Bonn (heute Pantheon)<\/figcaption><\/figure>\n<p style=\"text-align: justify;\">Bagatellis Hexerei ist \u00fcbrigens <strong>gepr\u00fcft und\u00a0 &#8222;ausgezeichnet&#8220;<\/strong>.\u00a0Im Okt. 2007 stellte Bagatelli seine Darbietung einer Fachjury vor. Das war bei einem internationalen\u00a0Zauberer-Kongress mit \u00fcber 400 Zauberern aus 13 L\u00e4ndern des\u00a0Magischen Zirkel v. Deutschland.\u00a0Es wurden insgesamt nur 24 Darbietungen pr\u00e4miert.\u00a0Auf dem kleinen\u00a0Foto rechts sehen Sie einen stolzen Preistr\u00e4ger mit dem Pr\u00e4sidenten des magischen Zirkels von Deutschland.<\/p>\n<p>Bagatelli, ein Zauberer den Sie sich trotzdem wirklich schenken k\u00f6nnen!<\/p>\n<figure id=\"attachment_47\" aria-describedby=\"caption-attachment-47\" style=\"width: 700px\" class=\"wp-caption aligncenter\"><img loading=\"lazy\" decoding=\"async\" class=\"size-full wp-image-47\" src=\"http:\/\/zauberer-bagatelli.de\/wp-content\/uploads\/2016\/04\/historisch_wertvoll_02.jpg\" alt=\"Bagatelli als Gaukler beim Mittelalter-Spektakel in K\u00f6ln \/ rechtes kleines Bild: Preisverleihung durch den Pr\u00e4sidenten des MZvD (rechts unten)\" width=\"700\" height=\"524\" srcset=\"http:\/\/zauberer-bagatelli.de\/wp-content\/uploads\/2016\/04\/historisch_wertvoll_02.jpg 700w, http:\/\/zauberer-bagatelli.de\/wp-content\/uploads\/2016\/04\/historisch_wertvoll_02-300x225.jpg 300w\" sizes=\"auto, (max-width: 700px) 85vw, 700px\" \/><figcaption id=\"caption-attachment-47\" class=\"wp-caption-text\">Bagatelli als Gaukler beim Mittelalter-Spektakel in K\u00f6ln \/ Preisverleihung durch den Pr\u00e4sidenten des MZvD (rechts unten)<\/figcaption><\/figure>\n","protected":false},"excerpt":{"rendered":"<p>Wer sich mit gutem Gef\u00fchl f\u00fcr einen\u00a0Zauberer entscheiden m\u00f6chte, ohne ihn gesehen zu haben, der sollte auf Fakten achten: Bagatelli\u00a0zaubert seit ca. 30 Jahren \u00f6ffentlich. Bagatelli ist Mitglied des Magischen Zirkels von Deutschland. Bagatelli ist ein gesch\u00fctzter K\u00fcnstlername. Bagatelli zeigt ungestellte Fotos!! Mit Stra\u00dfenzauberei begeisterte Bagatelli einige L\u00e4nder. So zauberte er z.B. in Florenz, Siena &hellip; <a href=\"http:\/\/zauberer-bagatelli.de\/?page_id=14\" class=\"more-link\"><span class=\"screen-reader-text\">\u201eHistorisch wertvoll\u201c <\/span>weiterlesen<\/a><\/p>\n","protected":false},"author":1,"featured_media":0,"parent":0,"menu_order":0,"comment_status":"closed","ping_status":"closed","template":"","meta":{"footnotes":""},"class_list":["post-14","page","type-page","status-publish","hentry"],"_links":{"self":[{"href":"http:\/\/zauberer-bagatelli.de\/index.php?rest_route=\/wp\/v2\/pages\/14","targetHints":{"allow":["GET"]}}],"collection":[{"href":"http:\/\/zauberer-bagatelli.de\/index.php?rest_route=\/wp\/v2\/pages"}],"about":[{"href":"http:\/\/zauberer-bagatelli.de\/index.php?rest_route=\/wp\/v2\/types\/page"}],"author":[{"embeddable":true,"href":"http:\/\/zauberer-bagatelli.de\/index.php?rest_route=\/wp\/v2\/users\/1"}],"replies":[{"embeddable":true,"href":"http:\/\/zauberer-bagatelli.de\/index.php?rest_route=%2Fwp%2Fv2%2Fcomments&post=14"}],"version-history":[{"count":9,"href":"http:\/\/zauberer-bagatelli.de\/index.php?rest_route=\/wp\/v2\/pages\/14\/revisions"}],"predecessor-version":[{"id":138,"href":"http:\/\/zauberer-bagatelli.de\/index.php?rest_route=\/wp\/v2\/pages\/14\/revisions\/138"}],"wp:attachment":[{"href":"http:\/\/zauberer-bagatelli.de\/index.php?rest_route=%2Fwp%2Fv2%2Fmedia&parent=14"}],"curies":[{"name":"wp","href":"https:\/\/api.w.org\/{rel}","templated":true}]}}