{"id":12,"date":"2016-04-02T13:44:19","date_gmt":"2016-04-02T13:44:19","guid":{"rendered":"http:\/\/zauberer-bagatelli.de\/?page_id=12"},"modified":"2016-04-29T16:30:31","modified_gmt":"2016-04-29T16:30:31","slug":"junggebliebene","status":"publish","type":"page","link":"http:\/\/zauberer-bagatelli.de\/?page_id=12","title":{"rendered":"Junggebliebene"},"content":{"rendered":"<p><strong>Der Bagatelli-Zauber-Schnellkurs:<br \/>\n<\/strong>An guten Tagen gibt der Meister auch Einblick in die schwarze Kunst. Doch so manches Aha-Erlebnis endet (verflixte Magie) dann doch v\u00f6llig anders als erwartet.<\/p>\n<figure id=\"attachment_35\" aria-describedby=\"caption-attachment-35\" style=\"width: 700px\" class=\"wp-caption aligncenter\"><img loading=\"lazy\" decoding=\"async\" class=\"wp-image-35 size-full\" src=\"http:\/\/zauberer-bagatelli.de\/wp-content\/uploads\/2016\/04\/junggebliebene_01.jpg\" alt=\"50. Geburtstag Bonn (oben) \/ Weihnachtsfeier (unten)\" width=\"700\" height=\"467\" srcset=\"http:\/\/zauberer-bagatelli.de\/wp-content\/uploads\/2016\/04\/junggebliebene_01.jpg 700w, http:\/\/zauberer-bagatelli.de\/wp-content\/uploads\/2016\/04\/junggebliebene_01-300x200.jpg 300w\" sizes=\"auto, (max-width: 700px) 85vw, 700px\" \/><figcaption id=\"caption-attachment-35\" class=\"wp-caption-text\">50. Geburtstag Bonn (oben) \/ Weihnachtsfeier (unten)<\/figcaption><\/figure>\n<p style=\"text-align: justify;\">Wird der Zuschauer dabei\u00a0etwas an der Nase herum gef\u00fchrt, so wird er doch nie pers\u00f6nlich blamiert, sondern geht immer als Gewinner von der B\u00fchne.<\/p>\n<p style=\"text-align: justify;\"><strong>Bagatelli sorgt daf\u00fcr, dass man \u00fcbers Staunen das Lachen nicht vergisst !<\/strong><\/p>\n<figure id=\"attachment_36\" aria-describedby=\"caption-attachment-36\" style=\"width: 700px\" class=\"wp-caption aligncenter\"><img loading=\"lazy\" decoding=\"async\" class=\"wp-image-36 size-full\" src=\"http:\/\/zauberer-bagatelli.de\/wp-content\/uploads\/2016\/04\/junggebliebene_02.jpg\" alt=\"Auszug aus der Blick Aktuell\" width=\"700\" height=\"436\" srcset=\"http:\/\/zauberer-bagatelli.de\/wp-content\/uploads\/2016\/04\/junggebliebene_02.jpg 700w, http:\/\/zauberer-bagatelli.de\/wp-content\/uploads\/2016\/04\/junggebliebene_02-300x187.jpg 300w\" sizes=\"auto, (max-width: 700px) 85vw, 700px\" \/><figcaption id=\"caption-attachment-36\" class=\"wp-caption-text\">Auszug aus der Blick Aktuell<\/figcaption><\/figure>\n<p><b><span style=\"color: #000000;\">Der Ballonmodellierer:<br \/>\n<\/span><\/b><span style=\"color: #000000;\">Im Handumdrehen zaubert der Ballonk\u00fcnstler aus Bonn &#8222;fun&#8220;tastische Tiere und witzige Figuren, die er sofort an Ihre G\u00e4ste verschenkt.\u00a0<\/span><\/p>\n<p style=\"text-align: justify;\"><span style=\"color: #000000;\">Bagatellis Ballonshow ist kein B\u00fchnen-Act, sondern findet im Publikum statt. Ballonmodellieren l\u00e4\u00dft sich sehr gut mit \u00a0einem B\u00fchnenauftritt <\/span><span style=\"color: #000000;\">kombinieren.<\/span><\/p>\n<figure id=\"attachment_37\" aria-describedby=\"caption-attachment-37\" style=\"width: 700px\" class=\"wp-caption aligncenter\"><img loading=\"lazy\" decoding=\"async\" class=\"wp-image-37 size-full\" src=\"http:\/\/zauberer-bagatelli.de\/wp-content\/uploads\/2016\/04\/junggebliebene_03.jpg\" alt=\"junggebliebene_03\" width=\"700\" height=\"525\" srcset=\"http:\/\/zauberer-bagatelli.de\/wp-content\/uploads\/2016\/04\/junggebliebene_03.jpg 700w, http:\/\/zauberer-bagatelli.de\/wp-content\/uploads\/2016\/04\/junggebliebene_03-300x225.jpg 300w\" sizes=\"auto, (max-width: 700px) 85vw, 700px\" \/><figcaption id=\"caption-attachment-37\" class=\"wp-caption-text\">40 Jahre Luftrettung Koblenz<\/figcaption><\/figure>\n<p><b><span style=\"color: #000000;\">Ein echter Hingucker f\u00fcr jede Veranstaltung<\/span><\/b><\/p>\n<p><i><b>Strolling Magic &#8211; oder \u00a0 \u00a0Bagatelli als Walkingact:<br \/>\n<\/b><\/i>Bei gr\u00f6\u00dferen Gel\u00e4nden, wie zB. Stadt- oder Firmenfesten l\u00e4sst sich das Ballonmodellieren sehr gut mit der Zauberei kombinieren.<\/p>\n<figure id=\"attachment_38\" aria-describedby=\"caption-attachment-38\" style=\"width: 700px\" class=\"wp-caption aligncenter\"><img loading=\"lazy\" decoding=\"async\" class=\"wp-image-38 size-full\" src=\"http:\/\/zauberer-bagatelli.de\/wp-content\/uploads\/2016\/04\/junggebliebene_04.jpg\" alt=\"BuGa Koblenz\" width=\"700\" height=\"467\" srcset=\"http:\/\/zauberer-bagatelli.de\/wp-content\/uploads\/2016\/04\/junggebliebene_04.jpg 700w, http:\/\/zauberer-bagatelli.de\/wp-content\/uploads\/2016\/04\/junggebliebene_04-300x200.jpg 300w\" sizes=\"auto, (max-width: 700px) 85vw, 700px\" \/><figcaption id=\"caption-attachment-38\" class=\"wp-caption-text\">BuGa Koblenz<\/figcaption><\/figure>\n<p style=\"text-align: justify;\">Bagatelli zieht mit seinem rollenden Stand umher und modelliert mal hier mal dort Ballons.\u00a0Oder er bietet, je nach Wunsch Zaubereien, die sich durchaus auch gleichzeitig an etwa 20 Personen richten k\u00f6nnen.<\/p>\n<p style=\"text-align: justify;\"><img loading=\"lazy\" decoding=\"async\" class=\"aligncenter size-full wp-image-39\" src=\"http:\/\/zauberer-bagatelli.de\/wp-content\/uploads\/2016\/04\/junggebliebene_05.jpg\" alt=\"junggebliebene_05\" width=\"700\" height=\"465\" srcset=\"http:\/\/zauberer-bagatelli.de\/wp-content\/uploads\/2016\/04\/junggebliebene_05.jpg 700w, http:\/\/zauberer-bagatelli.de\/wp-content\/uploads\/2016\/04\/junggebliebene_05-300x199.jpg 300w\" sizes=\"auto, (max-width: 700px) 85vw, 700px\" \/><\/p>\n","protected":false},"excerpt":{"rendered":"<p>Der Bagatelli-Zauber-Schnellkurs: An guten Tagen gibt der Meister auch Einblick in die schwarze Kunst. Doch so manches Aha-Erlebnis endet (verflixte Magie) dann doch v\u00f6llig anders als erwartet. Wird der Zuschauer dabei\u00a0etwas an der Nase herum gef\u00fchrt, so wird er doch nie pers\u00f6nlich blamiert, sondern geht immer als Gewinner von der B\u00fchne. Bagatelli sorgt daf\u00fcr, dass &hellip; <a href=\"http:\/\/zauberer-bagatelli.de\/?page_id=12\" class=\"more-link\"><span class=\"screen-reader-text\">\u201eJunggebliebene\u201c <\/span>weiterlesen<\/a><\/p>\n","protected":false},"author":1,"featured_media":0,"parent":0,"menu_order":0,"comment_status":"closed","ping_status":"closed","template":"","meta":{"footnotes":""},"class_list":["post-12","page","type-page","status-publish","hentry"],"_links":{"self":[{"href":"http:\/\/zauberer-bagatelli.de\/index.php?rest_route=\/wp\/v2\/pages\/12","targetHints":{"allow":["GET"]}}],"collection":[{"href":"http:\/\/zauberer-bagatelli.de\/index.php?rest_route=\/wp\/v2\/pages"}],"about":[{"href":"http:\/\/zauberer-bagatelli.de\/index.php?rest_route=\/wp\/v2\/types\/page"}],"author":[{"embeddable":true,"href":"http:\/\/zauberer-bagatelli.de\/index.php?rest_route=\/wp\/v2\/users\/1"}],"replies":[{"embeddable":true,"href":"http:\/\/zauberer-bagatelli.de\/index.php?rest_route=%2Fwp%2Fv2%2Fcomments&post=12"}],"version-history":[{"count":10,"href":"http:\/\/zauberer-bagatelli.de\/index.php?rest_route=\/wp\/v2\/pages\/12\/revisions"}],"predecessor-version":[{"id":135,"href":"http:\/\/zauberer-bagatelli.de\/index.php?rest_route=\/wp\/v2\/pages\/12\/revisions\/135"}],"wp:attachment":[{"href":"http:\/\/zauberer-bagatelli.de\/index.php?rest_route=%2Fwp%2Fv2%2Fmedia&parent=12"}],"curies":[{"name":"wp","href":"https:\/\/api.w.org\/{rel}","templated":true}]}}